{"id":996,"date":"2023-07-14T15:52:42","date_gmt":"2023-07-14T13:52:42","guid":{"rendered":"https:\/\/erasmusxxi.eu\/?page_id=996"},"modified":"2023-07-14T15:52:43","modified_gmt":"2023-07-14T13:52:43","slug":"uber-erasmus","status":"publish","type":"page","link":"https:\/\/erasmusxxi.eu\/index.php\/de\/uber-erasmus\/","title":{"rendered":"\u00dcber Erasmus"},"content":{"rendered":"\n<figure class=\"wp-block-image size-large\"><img loading=\"lazy\" decoding=\"async\" width=\"1024\" height=\"575\" src=\"https:\/\/erasmusxxi.eu\/wp-content\/uploads\/2022\/02\/boeken-1024x575.jpg\" alt=\"\" class=\"wp-image-191\" srcset=\"https:\/\/erasmusxxi.eu\/wp-content\/uploads\/2022\/02\/boeken-1024x575.jpg 1024w, https:\/\/erasmusxxi.eu\/wp-content\/uploads\/2022\/02\/boeken-300x169.jpg 300w, https:\/\/erasmusxxi.eu\/wp-content\/uploads\/2022\/02\/boeken-768x431.jpg 768w, https:\/\/erasmusxxi.eu\/wp-content\/uploads\/2022\/02\/boeken-1536x863.jpg 1536w, https:\/\/erasmusxxi.eu\/wp-content\/uploads\/2022\/02\/boeken-2048x1150.jpg 2048w, https:\/\/erasmusxxi.eu\/wp-content\/uploads\/2022\/02\/boeken-1560x876.jpg 1560w\" sizes=\"auto, (max-width: 1024px) 100vw, 1024px\" \/><\/figure>\n\n\n\n<p>Es sind viele Werke \u00fcber Erasmus ver\u00f6ffentlicht worden, und Erasmus selbst hat auch viel geschrieben. Es ist nicht meine Absicht, dem viel hinzuzuf\u00fcgen, denn ich bin an seinem Verm\u00e4chtnis unter seinen Sch\u00fclern interessiert. Aber es ist auch gut, Erasmus selbst zu kennen. Hier also meine Quellen.<\/p>\n\n\n\n<p>Neben allen m\u00f6glichen Ver\u00f6ffentlichungen \u00fcber spezifische Aktivit\u00e4ten von Erasmus sind auch viele Biographien \u00fcber ihn erschienen. Erasmus selbst schrieb eine Autobiographie, die f\u00fcr seine Verh\u00e4ltnisse sehr kurz war. Pierre Bayle hat ihm in seiner Enzyklop\u00e4die ein umfangreiches Lemma gewidmet. Dr. Rev. H.J. Toxopeus ist mein Gro\u00dfvater. Meine Lieblingsbiografie ist die von Zweig (1934), weil sie den Humanismus des Erasmus als ein Reich des Friedens und der Vernunft und als Vorbote eines zuk\u00fcnftigen, in Kultur und Zivilisation geeinten Europas beschreibt (2021 ist eine neue niederl\u00e4ndische \u00dcbersetzung von Zweigs Buch erschienen).<\/p>\n\n\n\n<p>Ich werde einige der Werke erw\u00e4hnen, die ich selbst gelesen habe (in chronologischer Reihenfolge):<\/p>\n\n\n\n<ul class=\"wp-block-list\">\n<li>\u00c9rasme (1524) <em>Compendium vitae<\/em><\/li>\n\n\n\n<li>P. Bayle (1697) <em>Erasme <\/em>in <em>Dictionaire historique et critique<\/em><\/li>\n\n\n\n<li>C. Busken Huet (1882) <em>Erasmus <\/em>in <em>Land van Rembrandt<\/em><\/li>\n\n\n\n<li>H.J. Toxopeus (1913) <em>Erasmus<\/em><\/li>\n\n\n\n<li>P.S. Allen (1914) <em>The age of Erasmus<\/em><\/li>\n\n\n\n<li>J. Huizinga (1924) <em>Erasmus<\/em><\/li>\n\n\n\n<li>S. Zweig (1934) <em>Triumph und Tragik des Erasmus von Rotterdam<\/em><\/li>\n\n\n\n<li>M. Bataillon (1937) <em>Erasme et l&#8217;Espagne<\/em><\/li>\n\n\n\n<li>J. et A. Verschoor (1938) <em>Erasmus <\/em>in <em>Erflaters van onze beschaving<\/em><\/li>\n\n\n\n<li>M.A. Nauwelaerts (1969) <em>Erasmus<\/em><\/li>\n\n\n\n<li>L.E. Halkin (1987) <em>Erasme<\/em><\/li>\n\n\n\n<li>S. Langereis (2021) <em>Erasmus dwarsdenker<\/em><\/li>\n<\/ul>\n\n\n\n<p class=\"has-larger-font-size\"><strong>Werke von Erasmus<\/strong><\/p>\n\n\n\n<p>Erasmus nutzte die damals neue Technik des Buchdrucks voll aus. Sein Compedium vitae (siehe oben) ist von au\u00dfergew\u00f6hnlicher K\u00fcrze. Ich habe bei weitem nicht alles von ihm gelesen, aber ich habe (Teile von) gelesen:<\/p>\n\n\n\n<ul class=\"wp-block-list\">\n<li>Compendium vitae \/ Lebenslauf<\/li>\n\n\n\n<li>Laus stultitiae \/ Lob der Torheit<\/li>\n\n\n\n<li>Lettres<\/li>\n\n\n\n<li>Colloquia \/ Gespr\u00e4che<\/li>\n\n\n\n<li>De civilitate morum puerilium \/ H\u00f6flichkeit in der Kindheit<\/li>\n\n\n\n<li>Querela pacis \/ Die Klage des Friedens<\/li>\n\n\n\n<li>Adagia (scl Dulce bellum inexpertis) \/ Sprichw\u00f6rter (insbesondere Der Krieg s\u00fc\u00df f\u00fcr die, die ihn nicht kennen)<\/li>\n\n\n\n<li>De bello Turcis inferendo \/ \u00dcber den Krieg mit den T\u00fcrken<\/li>\n\n\n\n<li>Enchiridion militis christiani \/ Handbuch f\u00fcr einen christlichen Krieger<\/li>\n\n\n\n<li>De libero arbitrio \/ \u00dcber den freien Willen<\/li>\n\n\n\n<li>Paraclesis \/ Einf\u00fchrung in sein Bibelstudium<\/li>\n\n\n\n<li>Encomium artis medicae \/ Lob der Medizin<\/li>\n<\/ul>\n","protected":false},"excerpt":{"rendered":"<p>Es sind viele Werke \u00fcber Erasmus ver\u00f6ffentlicht worden, und Erasmus selbst hat auch viel geschrieben. Es ist nicht meine Absicht, dem viel hinzuzuf\u00fcgen, denn ich bin an seinem Verm\u00e4chtnis unter seinen Sch\u00fclern interessiert. Aber es ist auch gut, Erasmus selbst zu kennen. Hier also meine Quellen. Neben allen m\u00f6glichen Ver\u00f6ffentlichungen \u00fcber spezifische Aktivit\u00e4ten von Erasmus&hellip; <\/p>\n<div class=\"readmore-wrapper\"><a href=\"https:\/\/erasmusxxi.eu\/index.php\/de\/uber-erasmus\/\" class=\"more-link\">Lees <\/a><\/div>\n","protected":false},"author":1,"featured_media":0,"parent":0,"menu_order":0,"comment_status":"closed","ping_status":"closed","template":"","meta":{"footnotes":""},"class_list":["post-996","page","type-page","status-publish","hentry"],"_links":{"self":[{"href":"https:\/\/erasmusxxi.eu\/index.php\/wp-json\/wp\/v2\/pages\/996","targetHints":{"allow":["GET"]}}],"collection":[{"href":"https:\/\/erasmusxxi.eu\/index.php\/wp-json\/wp\/v2\/pages"}],"about":[{"href":"https:\/\/erasmusxxi.eu\/index.php\/wp-json\/wp\/v2\/types\/page"}],"author":[{"embeddable":true,"href":"https:\/\/erasmusxxi.eu\/index.php\/wp-json\/wp\/v2\/users\/1"}],"replies":[{"embeddable":true,"href":"https:\/\/erasmusxxi.eu\/index.php\/wp-json\/wp\/v2\/comments?post=996"}],"version-history":[{"count":1,"href":"https:\/\/erasmusxxi.eu\/index.php\/wp-json\/wp\/v2\/pages\/996\/revisions"}],"predecessor-version":[{"id":997,"href":"https:\/\/erasmusxxi.eu\/index.php\/wp-json\/wp\/v2\/pages\/996\/revisions\/997"}],"wp:attachment":[{"href":"https:\/\/erasmusxxi.eu\/index.php\/wp-json\/wp\/v2\/media?parent=996"}],"curies":[{"name":"wp","href":"https:\/\/api.w.org\/{rel}","templated":true}]}}