{"id":994,"date":"2023-07-14T15:34:45","date_gmt":"2023-07-14T13:34:45","guid":{"rendered":"https:\/\/erasmusxxi.eu\/?page_id=994"},"modified":"2024-06-03T16:17:49","modified_gmt":"2024-06-03T14:17:49","slug":"erasmianische-schulen","status":"publish","type":"page","link":"https:\/\/erasmusxxi.eu\/index.php\/de\/erasmianische-schulen\/","title":{"rendered":"Erasmianische Schulen"},"content":{"rendered":"\n<div class=\"wp-block-columns is-layout-flex wp-container-core-columns-is-layout-9d6595d7 wp-block-columns-is-layout-flex\">\n<div class=\"wp-block-column is-layout-flow wp-block-column-is-layout-flow\">\n<figure class=\"wp-block-image size-full\"><a href=\"http:\/\/umap.openstreetmap.fr\/nl\/map\/erasmiaanse-scholen_716544\" target=\"_blank\" rel=\"noopener\"><img loading=\"lazy\" decoding=\"async\" width=\"515\" height=\"445\" src=\"https:\/\/erasmusxxi.eu\/wp-content\/uploads\/2022\/05\/kaart-europa.jpg\" alt=\"\" class=\"wp-image-353\" srcset=\"https:\/\/erasmusxxi.eu\/wp-content\/uploads\/2022\/05\/kaart-europa.jpg 515w, https:\/\/erasmusxxi.eu\/wp-content\/uploads\/2022\/05\/kaart-europa-300x259.jpg 300w\" sizes=\"auto, (max-width: 515px) 100vw, 515px\" \/><\/a><\/figure>\n<\/div>\n<\/div>\n\n\n\n<p><strong>Nederland<\/strong><\/p>\n\n\n\n<ul class=\"wp-block-list\">\n<li>Erasmiaans Gymnasium Rotterdam<\/li>\n\n\n\n<li>Erasmus-Universiteit Rotterdam<\/li>\n\n\n\n<li>Huis van Erasmus Rotterdam<\/li>\n\n\n\n<li>Erasmus Genootschap Gouda<\/li>\n\n\n\n<li>Erasmus-College Zoetermeer<\/li>\n\n\n\n<li>Het Erasmus Almelo<\/li>\n\n\n\n<li>Erasmus&#8217; oude school: Saxion Deventer<\/li>\n\n\n\n<li>Erasmusgebouw Radboud Universiteit<\/li>\n<\/ul>\n\n\n\n<p><strong>Belgi\u00eb \/ Belgique<\/strong><\/p>\n\n\n\n<ul class=\"wp-block-list\">\n<li>Erasmushaus Anderlecht<\/li>\n\n\n\n<li>Erasmushuis KU Leuven<\/li>\n\n\n\n<li>Campus \u00c9rasme, Universit\u00e9 Libre de Bruxelles<\/li>\n\n\n\n<li>Erasmushogeschool Brussel<\/li>\n\n\n\n<li>Coll\u00e8ge Erasme, Universit\u00e9 Louvain la Neuve<\/li>\n\n\n\n<li>Koordination Erasmusprogramms EU<\/li>\n<\/ul>\n\n\n\n<p><strong>Deutschland<\/strong><\/p>\n\n\n\n<ul class=\"wp-block-list\">\n<li>Erasmus-Institut Mainz<\/li>\n\n\n\n<li>Erasmus-gymnasium Denzlingen<\/li>\n\n\n\n<li>Erasmus-Gymnasium Grevenbroich<\/li>\n\n\n\n<li>Erasmus-von-Rotterdam-Gymnasium Viersen<\/li>\n\n\n\n<li>Erasmus Frankfurter Stadtschule<\/li>\n\n\n\n<li>Erasmus-Gymnasium Amberg (*)<\/li>\n<\/ul>\n\n\n\n<p><strong>Schweiz \/ Suisse <\/strong><\/p>\n\n\n\n<ul class=\"wp-block-list\">\n<li>Erasmus Hochschule Basel<\/li>\n<\/ul>\n\n\n\n<p><strong>Italia<\/strong><\/p>\n\n\n\n<ul class=\"wp-block-list\">\n<li>Bottega d&#8217;Erasmo Turijn<\/li>\n\n\n\n<li>Centro Europeo di studi umanistici \u201cErasmo da Rotterdam\u201d Torino<\/li>\n\n\n\n<li>Istituto di Istruzione Superiore Statale &#8220;Erasmo da Rotterdam&#8221; Nichelino<\/li>\n\n\n\n<li>Il Laboratorio Erasmo, Universit\u00e0 di Roma<\/li>\n\n\n\n<li>Lyceo statale \u201cErasmo da Rotterdam Milano<\/li>\n\n\n\n<li>ITCS Erasmo da Rotterdam Bollate<\/li>\n\n\n\n<li>ICS Erasmo da Rotterdam Cisliano<\/li>\n<\/ul>\n\n\n\n<p><strong>France<\/strong><\/p>\n\n\n\n<ul class=\"wp-block-list\">\n<li>L\u2019\u00e9cole doctorale \u00c9rasme, Universit\u00e9 de Paris 13<\/li>\n\n\n\n<li>B\u00e2timent \u00c9rasme, Universit\u00e9 Gustave Eiffel<\/li>\n\n\n\n<li>Coll\u00e8ge \u00c9rasme, Strasbourg<\/li>\n\n\n\n<li>Programme Erasme, Universit\u00e9 Paris-Est Cr\u00e9teil<\/li>\n\n\n\n<li>Esplanade Erasme Universit\u00e9 de Bourgogne, Dijon<\/li>\n\n\n\n<li>Amphith\u00e9\u00e2tre Erasme, Universit\u00e9 de Orl\u00e9ans<\/li>\n<\/ul>\n\n\n\n<p><strong>England<\/strong><\/p>\n\n\n\n<ul class=\"wp-block-list\">\n<li>Erasmus Building University of Cambridge<\/li>\n\n\n\n<li>Erasmus House University of Roehampton<\/li>\n\n\n\n<li>Erasmus Forum Londen<\/li>\n<\/ul>\n\n\n\n<p><strong>Espa\u00f1a<\/strong><\/p>\n\n\n\n<ul class=\"wp-block-list\">\n<li>Residencia Universitario Erasmo Madrid (*)<\/li>\n<\/ul>\n\n\n\n<p><strong>\u00d6sterreich<\/strong><\/p>\n\n\n\n<ul class=\"wp-block-list\">\n<li>Haus Erasmus Wien  (*)<\/li>\n<\/ul>\n\n\n\n<p>(*) Erasmus ist nie in dieser Stadt oder in ihrer N\u00e4he gewesen.<\/p>\n","protected":false},"excerpt":{"rendered":"<p>Nederland Belgi\u00eb \/ Belgique Deutschland Schweiz \/ Suisse Italia France England Espa\u00f1a \u00d6sterreich (*) Erasmus ist nie in dieser Stadt oder in ihrer N\u00e4he gewesen.<\/p>\n","protected":false},"author":1,"featured_media":0,"parent":0,"menu_order":0,"comment_status":"closed","ping_status":"closed","template":"","meta":{"footnotes":""},"class_list":["post-994","page","type-page","status-publish","hentry"],"_links":{"self":[{"href":"https:\/\/erasmusxxi.eu\/index.php\/wp-json\/wp\/v2\/pages\/994","targetHints":{"allow":["GET"]}}],"collection":[{"href":"https:\/\/erasmusxxi.eu\/index.php\/wp-json\/wp\/v2\/pages"}],"about":[{"href":"https:\/\/erasmusxxi.eu\/index.php\/wp-json\/wp\/v2\/types\/page"}],"author":[{"embeddable":true,"href":"https:\/\/erasmusxxi.eu\/index.php\/wp-json\/wp\/v2\/users\/1"}],"replies":[{"embeddable":true,"href":"https:\/\/erasmusxxi.eu\/index.php\/wp-json\/wp\/v2\/comments?post=994"}],"version-history":[{"count":5,"href":"https:\/\/erasmusxxi.eu\/index.php\/wp-json\/wp\/v2\/pages\/994\/revisions"}],"predecessor-version":[{"id":1251,"href":"https:\/\/erasmusxxi.eu\/index.php\/wp-json\/wp\/v2\/pages\/994\/revisions\/1251"}],"wp:attachment":[{"href":"https:\/\/erasmusxxi.eu\/index.php\/wp-json\/wp\/v2\/media?parent=994"}],"curies":[{"name":"wp","href":"https:\/\/api.w.org\/{rel}","templated":true}]}}