{"id":983,"date":"2023-07-14T14:53:47","date_gmt":"2023-07-14T12:53:47","guid":{"rendered":"https:\/\/erasmusxxi.eu\/?page_id=983"},"modified":"2023-11-20T11:03:37","modified_gmt":"2023-11-20T10:03:37","slug":"erasmus-im-21-jahrhundert","status":"publish","type":"page","link":"https:\/\/erasmusxxi.eu\/index.php\/de\/erasmus-im-21-jahrhundert\/","title":{"rendered":"Erasmus im 21. Jahrhundert"},"content":{"rendered":"\n<p>Vor f\u00fcnf Jahrhunderten reiste Erasmus zu Pferd durch Europa, zun\u00e4chst als Lehrer f\u00fcr junge Menschen, sp\u00e4ter entwickelte er sich zum moralischen Kompass der europ\u00e4ischen Bildungselite: Er stand f\u00fcr Frieden und Vernunft, nicht nur in Worten, sondern vor allem in Taten. Damit gab er eine Richtung vor, die die Welt gerechter und die Menschen gl\u00fccklicher machen sollte.<\/p>\n\n\n\n<p>So ist es nur recht und billig, dass Dutzende von Schulen, Hochschulen und Universit\u00e4ten an Orten, die er besuchte, stolz darauf sind, sich oder eine Einrichtung nach ihm zu benennen, in den Niederlanden und im Ausland, von Rotterdam bis Rom, von Mainz bis Madrid (wo Erasmus nie zugegen war). Heute, im 21. Jahrhundert, erhalten mehr junge Menschen als je zuvor eine Hochschulausbildung, und obwohl sich die ethischen Fragen von heute von denen zu Erasmus&#8217; Zeiten unterscheiden, ist ein moralischer Lehrer und Kompass immer noch wertvoll. Was erfahren die heutigen Studenten von Erasmus \u00fcber ihn und seine Ideale?<\/p>\n\n\n\n<figure class=\"wp-block-image size-large\"><img loading=\"lazy\" decoding=\"async\" width=\"1024\" height=\"575\" src=\"https:\/\/erasmusxxi.eu\/wp-content\/uploads\/2022\/02\/Pieter-voor-Erasmusbrug2-1-1024x575.jpg\" alt=\"\" class=\"wp-image-67\" srcset=\"https:\/\/erasmusxxi.eu\/wp-content\/uploads\/2022\/02\/Pieter-voor-Erasmusbrug2-1-1024x575.jpg 1024w, https:\/\/erasmusxxi.eu\/wp-content\/uploads\/2022\/02\/Pieter-voor-Erasmusbrug2-1-300x168.jpg 300w, https:\/\/erasmusxxi.eu\/wp-content\/uploads\/2022\/02\/Pieter-voor-Erasmusbrug2-1-768x431.jpg 768w, https:\/\/erasmusxxi.eu\/wp-content\/uploads\/2022\/02\/Pieter-voor-Erasmusbrug2-1-1536x863.jpg 1536w, https:\/\/erasmusxxi.eu\/wp-content\/uploads\/2022\/02\/Pieter-voor-Erasmusbrug2-1-2048x1150.jpg 2048w, https:\/\/erasmusxxi.eu\/wp-content\/uploads\/2022\/02\/Pieter-voor-Erasmusbrug2-1-1560x876.jpg 1560w\" sizes=\"auto, (max-width: 1024px) 100vw, 1024px\" \/><\/figure>\n\n\n\n<p>Um das herauszufinden, steige ich auf mein Fahrrad und folge Erasmus quer durch Europa auf der Suche nach Erasmi Alumni, Sch\u00fclern oder Studenten von Sekundarschulen, Universit\u00e4ten oder Hochschulen, die (teilweise) nach ihm benannt sind. Dort werde ich sehen, welche Ideen von Erasmus vertreten werden, und ich hoffe zu h\u00f6ren, was junge Menschen heute \u00fcber ihn lernen.<\/p>\n\n\n\n<figure class=\"wp-block-image size-large\"><img loading=\"lazy\" decoding=\"async\" width=\"1024\" height=\"363\" src=\"https:\/\/erasmusxxi.eu\/wp-content\/uploads\/2022\/02\/Hand-met-kompas-smal-1024x363.jpg\" alt=\"\" class=\"wp-image-80\" srcset=\"https:\/\/erasmusxxi.eu\/wp-content\/uploads\/2022\/02\/Hand-met-kompas-smal-1024x363.jpg 1024w, https:\/\/erasmusxxi.eu\/wp-content\/uploads\/2022\/02\/Hand-met-kompas-smal-300x106.jpg 300w, https:\/\/erasmusxxi.eu\/wp-content\/uploads\/2022\/02\/Hand-met-kompas-smal-768x272.jpg 768w, https:\/\/erasmusxxi.eu\/wp-content\/uploads\/2022\/02\/Hand-met-kompas-smal-1536x544.jpg 1536w, https:\/\/erasmusxxi.eu\/wp-content\/uploads\/2022\/02\/Hand-met-kompas-smal-2048x725.jpg 2048w, https:\/\/erasmusxxi.eu\/wp-content\/uploads\/2022\/02\/Hand-met-kompas-smal-1560x552.jpg 1560w\" sizes=\"auto, (max-width: 1024px) 100vw, 1024px\" \/><\/figure>\n\n\n\n<p>Ich beginne in Rotterdam, besuche aber auch Orte wie Br\u00fcssel, Paris, Basel, Cambridge, Turin und Mainz, und schlie\u00dflich sogar St\u00e4dte und L\u00e4nder, in denen er nie zu Hause war, wie Madrid und Wien:<\/p>\n\n\n\n<p><strong>Erasmus XXI<\/strong><\/p>\n\n\n\n<div class=\"wp-block-columns is-layout-flex wp-container-core-columns-is-layout-9d6595d7 wp-block-columns-is-layout-flex\">\n<div class=\"wp-block-column is-layout-flow wp-block-column-is-layout-flow\">\n<figure class=\"wp-block-image size-large\"><img loading=\"lazy\" decoding=\"async\" width=\"792\" height=\"1024\" src=\"https:\/\/erasmusxxi.eu\/wp-content\/uploads\/2022\/02\/Dures-ets-van-Erasmus-Boijmans-Van-Beuningen-792x1024.jpg\" alt=\"\" class=\"wp-image-218\" srcset=\"https:\/\/erasmusxxi.eu\/wp-content\/uploads\/2022\/02\/Dures-ets-van-Erasmus-Boijmans-Van-Beuningen-792x1024.jpg 792w, https:\/\/erasmusxxi.eu\/wp-content\/uploads\/2022\/02\/Dures-ets-van-Erasmus-Boijmans-Van-Beuningen-232x300.jpg 232w, https:\/\/erasmusxxi.eu\/wp-content\/uploads\/2022\/02\/Dures-ets-van-Erasmus-Boijmans-Van-Beuningen-768x993.jpg 768w, https:\/\/erasmusxxi.eu\/wp-content\/uploads\/2022\/02\/Dures-ets-van-Erasmus-Boijmans-Van-Beuningen-1189x1536.jpg 1189w, https:\/\/erasmusxxi.eu\/wp-content\/uploads\/2022\/02\/Dures-ets-van-Erasmus-Boijmans-Van-Beuningen-1585x2048.jpg 1585w, https:\/\/erasmusxxi.eu\/wp-content\/uploads\/2022\/02\/Dures-ets-van-Erasmus-Boijmans-Van-Beuningen-1560x2016.jpg 1560w, https:\/\/erasmusxxi.eu\/wp-content\/uploads\/2022\/02\/Dures-ets-van-Erasmus-Boijmans-Van-Beuningen-scaled.jpg 1981w\" sizes=\"auto, (max-width: 792px) 100vw, 792px\" \/><figcaption class=\"wp-element-caption\">Albrecht D\u00fcrer; Radierung von Erasmus (Quelle: boijmans.nl)<\/figcaption><\/figure>\n<\/div>\n\n\n\n<div class=\"wp-block-column is-layout-flow wp-block-column-is-layout-flow\">\n<p><strong>Erasmi alumnus<\/strong><\/p>\n\n\n\n<p>Im Jahr 1526 fertigte Albrecht D\u00fcrer eine Radierung mit dem Bildnis des Erasmus an: Imago Erasmi Roterodami ab Alberto Durero ad vivam effigiem deliniata. Au\u00dferdem schrieb er dazu: \u03a4\u0397\u039d . \u039a\u03a1\u0395\u0399\u03a4\u03a4\u03a9 . \u03a4\u0391 . \u03a3\u03a5\u039d\u0393\u03a1\u0391\u039c\u039c\u0391\u03a4\u0391 . \u0394\u0395\u0399\u039e\u0395\u0399<span style=\"font-weight: normal\"> <\/span>(seine Schriften zeigen sein besseres Image). Das Motto meiner Tour k\u00f6nnte also lauten: \u03a4\u0397\u039d . \u1f08\u03a1\u0399\u03a3\u03a4\u0397\u039d . \u1f49\u0399 . \u039c\u0391\u0398\u0397\u03a4\u0391\u0399 . \u0394\u0395\u0399\u039e\u039f\u03a5\u03a3\u0399\u039d <span style=\"font-weight: normal\">(<\/span>seine Sch\u00fcler geben sein bestes Bild ab).<\/p>\n\n\n\n<p>Die Sch\u00fcler des erasmianischen Gymnasiums haben ihr eigenes Lied mit einem lateinischen und einem griechischen Text, in dem sie Erasmi alumni,  \u1f18\u03c1\u03b1\u03c3\u03bc\u03bf\u1fe6 \u03bc\u03b1\u03b8\u03b7\u03c4\u03b1\u03af genannt werden.<\/p>\n<\/div>\n<\/div>\n\n\n\n<p>Sind Sie neugierig, was die Ideen von Erasmus f\u00fcr das Europa dieses Jahrhunderts bedeuten k\u00f6nnten? Dann folgen Sie mir auf meiner Fahrradtour \u00fcber die Website oder melden Sie sich unten f\u00fcr meinen Newsletter (auf Niederl\u00e4ndisch) an.<\/p>\n","protected":false},"excerpt":{"rendered":"<p>Vor f\u00fcnf Jahrhunderten reiste Erasmus zu Pferd durch Europa, zun\u00e4chst als Lehrer f\u00fcr junge Menschen, sp\u00e4ter entwickelte er sich zum moralischen Kompass der europ\u00e4ischen Bildungselite: Er stand f\u00fcr Frieden und Vernunft, nicht nur in Worten, sondern vor allem in Taten. Damit gab er eine Richtung vor, die die Welt gerechter und die Menschen gl\u00fccklicher machen&hellip; <\/p>\n<div class=\"readmore-wrapper\"><a href=\"https:\/\/erasmusxxi.eu\/index.php\/de\/erasmus-im-21-jahrhundert\/\" class=\"more-link\">Lees <\/a><\/div>\n","protected":false},"author":1,"featured_media":0,"parent":0,"menu_order":0,"comment_status":"closed","ping_status":"closed","template":"","meta":{"footnotes":""},"class_list":["post-983","page","type-page","status-publish","hentry"],"_links":{"self":[{"href":"https:\/\/erasmusxxi.eu\/index.php\/wp-json\/wp\/v2\/pages\/983","targetHints":{"allow":["GET"]}}],"collection":[{"href":"https:\/\/erasmusxxi.eu\/index.php\/wp-json\/wp\/v2\/pages"}],"about":[{"href":"https:\/\/erasmusxxi.eu\/index.php\/wp-json\/wp\/v2\/types\/page"}],"author":[{"embeddable":true,"href":"https:\/\/erasmusxxi.eu\/index.php\/wp-json\/wp\/v2\/users\/1"}],"replies":[{"embeddable":true,"href":"https:\/\/erasmusxxi.eu\/index.php\/wp-json\/wp\/v2\/comments?post=983"}],"version-history":[{"count":5,"href":"https:\/\/erasmusxxi.eu\/index.php\/wp-json\/wp\/v2\/pages\/983\/revisions"}],"predecessor-version":[{"id":1152,"href":"https:\/\/erasmusxxi.eu\/index.php\/wp-json\/wp\/v2\/pages\/983\/revisions\/1152"}],"wp:attachment":[{"href":"https:\/\/erasmusxxi.eu\/index.php\/wp-json\/wp\/v2\/media?parent=983"}],"curies":[{"name":"wp","href":"https:\/\/api.w.org\/{rel}","templated":true}]}}