{"id":469,"date":"2022-07-22T16:18:08","date_gmt":"2022-07-22T14:18:08","guid":{"rendered":"https:\/\/erasmusxxi.eu\/?page_id=469"},"modified":"2023-01-11T13:43:20","modified_gmt":"2023-01-11T12:43:20","slug":"contact-3","status":"publish","type":"page","link":"https:\/\/erasmusxxi.eu\/index.php\/fr\/erasme-au-21eme-siecle\/contact-3\/","title":{"rendered":"Contact"},"content":{"rendered":"\n<p>Envoyez-moi un message en utilisant ce formulaire. Tous les champs sont obligatoires. (La premi\u00e8re question est necessaire afin d&#8217;\u00e9viter du SPAM). Pieter van der HOEVEN<\/p>\n\n\n\n<div class=\"wpcf7 no-js\" id=\"wpcf7-f437-o1\" lang=\"nl-NL\" dir=\"ltr\" data-wpcf7-id=\"437\">\n<div class=\"screen-reader-response\"><p role=\"status\" aria-live=\"polite\" aria-atomic=\"true\"><\/p> <ul><\/ul><\/div>\n<form action=\"\/index.php\/wp-json\/wp\/v2\/pages\/469#wpcf7-f437-o1\" method=\"post\" class=\"wpcf7-form init\" aria-label=\"Contactformulier\" novalidate=\"novalidate\" data-status=\"init\">\n<fieldset class=\"hidden-fields-container\"><input type=\"hidden\" name=\"_wpcf7\" value=\"437\" \/><input type=\"hidden\" name=\"_wpcf7_version\" value=\"6.1.5\" \/><input type=\"hidden\" name=\"_wpcf7_locale\" value=\"nl_NL\" \/><input type=\"hidden\" name=\"_wpcf7_unit_tag\" value=\"wpcf7-f437-o1\" \/><input type=\"hidden\" name=\"_wpcf7_container_post\" value=\"0\" \/><input type=\"hidden\" name=\"_wpcf7_posted_data_hash\" value=\"\" \/>\n<\/fieldset>\n<p><span class=\"wpcf7-form-control-wrap\" data-name=\"quiz-304\"><label><span class=\"wpcf7-quiz-label\">Ce message est adress\u00e9 \u00e0 qui? (Quel est mon pr\u00e9nom?)<\/span> <input size=\"40\" class=\"wpcf7-form-control wpcf7-quiz\" autocomplete=\"off\" aria-required=\"true\" aria-invalid=\"false\" type=\"text\" name=\"quiz-304\" \/><\/label><input type=\"hidden\" name=\"_wpcf7_quiz_answer_quiz-304\" value=\"51b8c2e67f87ec350e0cc3e211489fea\" \/><\/span>\n<\/p>\n<p><label> Votre nom<br \/>\n<span class=\"wpcf7-form-control-wrap\" data-name=\"your-name\"><input size=\"40\" maxlength=\"400\" class=\"wpcf7-form-control wpcf7-text wpcf7-validates-as-required\" aria-required=\"true\" aria-invalid=\"false\" value=\"\" type=\"text\" name=\"your-name\" \/><\/span> <\/label>\n<\/p>\n<p><label> Adresse e-mail<br \/>\n<span class=\"wpcf7-form-control-wrap\" data-name=\"your-email\"><input size=\"40\" maxlength=\"400\" class=\"wpcf7-form-control wpcf7-email wpcf7-validates-as-required wpcf7-text wpcf7-validates-as-email\" aria-required=\"true\" aria-invalid=\"false\" value=\"\" type=\"email\" name=\"your-email\" \/><\/span> <\/label>\n<\/p>\n<p><label> Sujet<br \/>\n<span class=\"wpcf7-form-control-wrap\" data-name=\"your-subject\"><input size=\"40\" maxlength=\"400\" class=\"wpcf7-form-control wpcf7-text wpcf7-validates-as-required\" aria-required=\"true\" aria-invalid=\"false\" value=\"\" type=\"text\" name=\"your-subject\" \/><\/span> <\/label>\n<\/p>\n<p><label> Message<br \/>\n<span class=\"wpcf7-form-control-wrap\" data-name=\"your-message\"><textarea cols=\"40\" rows=\"10\" maxlength=\"2000\" class=\"wpcf7-form-control wpcf7-textarea\" aria-invalid=\"false\" name=\"your-message\"><\/textarea><\/span> <\/label>\n<\/p>\n<p><input class=\"wpcf7-form-control wpcf7-submit has-spinner\" type=\"submit\" value=\"Envoyer\" \/>\n<\/p><p style=\"display: none !important;\" class=\"akismet-fields-container\" data-prefix=\"_wpcf7_ak_\"><label>&#916;<textarea name=\"_wpcf7_ak_hp_textarea\" cols=\"45\" rows=\"8\" maxlength=\"100\"><\/textarea><\/label><input type=\"hidden\" id=\"ak_js_1\" name=\"_wpcf7_ak_js\" value=\"204\"\/><script>document.getElementById( \"ak_js_1\" ).setAttribute( \"value\", ( new Date() ).getTime() );<\/script><\/p><div class=\"wpcf7-response-output\" aria-hidden=\"true\"><\/div>\n<\/form>\n<\/div>\n\n\n\n\n<p>ou contactez-moi \u00e0 <a rel=\"noreferrer noopener\" href=\"https:\/\/www.linkedin.com\/in\/pieter-van-der-hoeven-9a1a8517\/\" target=\"_blank\">LinkedIn<\/a>.<\/p>\n","protected":false},"excerpt":{"rendered":"<p>Envoyez-moi un message en utilisant ce formulaire. Tous les champs sont obligatoires. (La premi\u00e8re question est necessaire afin d&#8217;\u00e9viter du SPAM). Pieter van der HOEVEN ou contactez-moi \u00e0 LinkedIn.<\/p>\n","protected":false},"author":1,"featured_media":0,"parent":454,"menu_order":2,"comment_status":"closed","ping_status":"closed","template":"","meta":{"footnotes":""},"class_list":["post-469","page","type-page","status-publish","hentry"],"_links":{"self":[{"href":"https:\/\/erasmusxxi.eu\/index.php\/wp-json\/wp\/v2\/pages\/469","targetHints":{"allow":["GET"]}}],"collection":[{"href":"https:\/\/erasmusxxi.eu\/index.php\/wp-json\/wp\/v2\/pages"}],"about":[{"href":"https:\/\/erasmusxxi.eu\/index.php\/wp-json\/wp\/v2\/types\/page"}],"author":[{"embeddable":true,"href":"https:\/\/erasmusxxi.eu\/index.php\/wp-json\/wp\/v2\/users\/1"}],"replies":[{"embeddable":true,"href":"https:\/\/erasmusxxi.eu\/index.php\/wp-json\/wp\/v2\/comments?post=469"}],"version-history":[{"count":3,"href":"https:\/\/erasmusxxi.eu\/index.php\/wp-json\/wp\/v2\/pages\/469\/revisions"}],"predecessor-version":[{"id":739,"href":"https:\/\/erasmusxxi.eu\/index.php\/wp-json\/wp\/v2\/pages\/469\/revisions\/739"}],"up":[{"embeddable":true,"href":"https:\/\/erasmusxxi.eu\/index.php\/wp-json\/wp\/v2\/pages\/454"}],"wp:attachment":[{"href":"https:\/\/erasmusxxi.eu\/index.php\/wp-json\/wp\/v2\/media?parent=469"}],"curies":[{"name":"wp","href":"https:\/\/api.w.org\/{rel}","templated":true}]}}