{"id":1408,"date":"2025-01-13T16:12:57","date_gmt":"2025-01-13T15:12:57","guid":{"rendered":"https:\/\/erasmusxxi.eu\/?page_id=1408"},"modified":"2025-01-14T10:50:49","modified_gmt":"2025-01-14T09:50:49","slug":"erasmo-nel-21-secolo","status":"publish","type":"page","link":"https:\/\/erasmusxxi.eu\/index.php\/it\/erasmo-nel-21-secolo\/","title":{"rendered":"Erasmo nel 21\u00b0 secolo"},"content":{"rendered":"\n<p>Cinque secoli fa, Erasmo attraversava l&#8217;Europa a cavallo, prima come precettore dei giovani, poi come bussola morale dell&#8217;\u00e9lite europea: era il sostenitore della pace e della ragione, non solo a parole ma soprattutto nei fatti, aprendo la strada a un mondo pi\u00f9 giusto e a un popolo pi\u00f9 felice.<\/p>\n\n\n\n<p>\u00c8 quindi giusto che decine di scuole, collegi e universit\u00e0 nelle citt\u00e0 che visit\u00f2 siano orgogliose di portare il suo nome, nei Paesi Bassi e altrove in Europa, da Rotterdam a Roma, da Magonza a Madrid (anche se Erasmo non \u00e8 mai stato in Spagna). Oggi, nel XXI secolo, pi\u00f9 giovani che mai ricevono un&#8217;istruzione e, sebbene le questioni etiche di oggi siano diverse da quelle dei tempi di Erasmo, un insegnante di morale e una bussola sono ancora preziosi. Cosa imparano gli studenti di oggi di Erasmo e dei suoi ideali?<\/p>\n\n\n\n<figure class=\"wp-block-image alignwide size-large is-style-default\"><img loading=\"lazy\" decoding=\"async\" width=\"1024\" height=\"575\" src=\"https:\/\/erasmusxxi.eu\/wp-content\/uploads\/2022\/02\/Pieter-voor-Erasmusbrug2-2-1024x575.jpg\" alt=\"\" class=\"wp-image-129\" srcset=\"https:\/\/erasmusxxi.eu\/wp-content\/uploads\/2022\/02\/Pieter-voor-Erasmusbrug2-2-1024x575.jpg 1024w, https:\/\/erasmusxxi.eu\/wp-content\/uploads\/2022\/02\/Pieter-voor-Erasmusbrug2-2-300x168.jpg 300w, https:\/\/erasmusxxi.eu\/wp-content\/uploads\/2022\/02\/Pieter-voor-Erasmusbrug2-2-768x431.jpg 768w, https:\/\/erasmusxxi.eu\/wp-content\/uploads\/2022\/02\/Pieter-voor-Erasmusbrug2-2-1536x863.jpg 1536w, https:\/\/erasmusxxi.eu\/wp-content\/uploads\/2022\/02\/Pieter-voor-Erasmusbrug2-2-2048x1150.jpg 2048w, https:\/\/erasmusxxi.eu\/wp-content\/uploads\/2022\/02\/Pieter-voor-Erasmusbrug2-2-1560x876.jpg 1560w\" sizes=\"auto, (max-width: 1024px) 100vw, 1024px\" \/><\/figure>\n\n\n\n<p>Per scoprirlo, salir\u00f2 sulla mia bicicletta, il mio \u201ccavallo d&#8217;acciaio\u201d, e seguir\u00f2 Erasmo attraverso l&#8217;Europa alla ricerca di alunni o studenti di scuole secondarie, universit\u00e0 o college che portano (in parte) il suo nome. L\u00ec vedr\u00f2 quali idee di Erasmo si riflettono e spero di sentire che cosa i giovani di oggi si portano via di lui.<\/p>\n\n\n\n<figure class=\"wp-block-image size-large is-resized\"><img loading=\"lazy\" decoding=\"async\" width=\"1024\" height=\"308\" src=\"https:\/\/erasmusxxi.eu\/wp-content\/uploads\/2022\/02\/Hand-met-kompas-smal2-1024x308.jpg\" alt=\"\" class=\"wp-image-132\" srcset=\"https:\/\/erasmusxxi.eu\/wp-content\/uploads\/2022\/02\/Hand-met-kompas-smal2-1024x308.jpg 1024w, https:\/\/erasmusxxi.eu\/wp-content\/uploads\/2022\/02\/Hand-met-kompas-smal2-300x90.jpg 300w, https:\/\/erasmusxxi.eu\/wp-content\/uploads\/2022\/02\/Hand-met-kompas-smal2-768x231.jpg 768w, https:\/\/erasmusxxi.eu\/wp-content\/uploads\/2022\/02\/Hand-met-kompas-smal2-1536x463.jpg 1536w, https:\/\/erasmusxxi.eu\/wp-content\/uploads\/2022\/02\/Hand-met-kompas-smal2-1560x470.jpg 1560w, https:\/\/erasmusxxi.eu\/wp-content\/uploads\/2022\/02\/Hand-met-kompas-smal2.jpg 1614w\" sizes=\"auto, (max-width: 1024px) 100vw, 1024px\" \/><\/figure>\n\n\n\n<p>Inizier\u00f2 da Rotterdam, ma visiter\u00f2 anche, ad esempio, Bruxelles, Parigi, Basilea, Cambridge, Torino e Magonza, e forse anche citt\u00e0 e Paesi in cui non \u00e8 mai stato, come Madrid e Vienna:<\/p>\n\n\n\n<p><strong>Erasmus XXI<\/strong><\/p>\n\n\n\n<div class=\"wp-block-columns is-layout-flex wp-container-core-columns-is-layout-9d6595d7 wp-block-columns-is-layout-flex\">\n<div class=\"wp-block-column is-layout-flow wp-block-column-is-layout-flow\">\n<figure class=\"wp-block-image size-large\"><img loading=\"lazy\" decoding=\"async\" width=\"792\" height=\"1024\" src=\"https:\/\/erasmusxxi.eu\/wp-content\/uploads\/2022\/02\/Dures-ets-van-Erasmus-Boijmans-Van-Beuningen-792x1024.jpg\" alt=\"\" class=\"wp-image-218\" srcset=\"https:\/\/erasmusxxi.eu\/wp-content\/uploads\/2022\/02\/Dures-ets-van-Erasmus-Boijmans-Van-Beuningen-792x1024.jpg 792w, https:\/\/erasmusxxi.eu\/wp-content\/uploads\/2022\/02\/Dures-ets-van-Erasmus-Boijmans-Van-Beuningen-232x300.jpg 232w, https:\/\/erasmusxxi.eu\/wp-content\/uploads\/2022\/02\/Dures-ets-van-Erasmus-Boijmans-Van-Beuningen-768x993.jpg 768w, https:\/\/erasmusxxi.eu\/wp-content\/uploads\/2022\/02\/Dures-ets-van-Erasmus-Boijmans-Van-Beuningen-1189x1536.jpg 1189w, https:\/\/erasmusxxi.eu\/wp-content\/uploads\/2022\/02\/Dures-ets-van-Erasmus-Boijmans-Van-Beuningen-1585x2048.jpg 1585w, https:\/\/erasmusxxi.eu\/wp-content\/uploads\/2022\/02\/Dures-ets-van-Erasmus-Boijmans-Van-Beuningen-1560x2016.jpg 1560w, https:\/\/erasmusxxi.eu\/wp-content\/uploads\/2022\/02\/Dures-ets-van-Erasmus-Boijmans-Van-Beuningen-scaled.jpg 1981w\" sizes=\"auto, (max-width: 792px) 100vw, 792px\" \/><figcaption class=\"wp-element-caption\">Albrecht D\u00fcrer; Incisione di Erasmo (da: boijmans.nl)<\/figcaption><\/figure>\n<\/div>\n\n\n\n<div class=\"wp-block-column is-layout-flow wp-block-column-is-layout-flow\">\n<p><strong>Erasmi alumnus<\/strong><\/p>\n\n\n\n<p>Nel 1526 Albrecht D\u00fcrer realizz\u00f2 un&#8217;incisione di Erasmo: Imago Erasmi Roterodami ab Alberto Durero ad vivam effigiem deliniata. Vi scrisse anche: \u03a4\u0397\u039d . \u039a\u03a1\u0395\u0399\u03a4\u03a4\u03a9 . \u03a4\u0391 . \u03a3\u03a5\u039d\u0393\u03a1\u0391\u039c\u039c\u0391\u03a4\u0391 . \u0394\u0395\u0399\u039e\u0395\u0399 (I suoi scritti lo mostrano al meglio). Il motto del mio viaggio potrebbe quindi essere : \u03a4\u0397\u039d . \u1f08\u03a1\u0399\u03a3\u03a4\u0397\u039d . \u1f49\u0399 . \u039c\u0391\u0398\u0397\u03a4\u0391\u0399 . \u0394\u0395\u0399\u039e\u039f\u03a5\u03a3\u0399\u039d (i suoi alunni mostrano la sua immagine migliore).<\/p>\n\n\n\n<p>Gli alunni del Ginnasio Erasmo di Rotterdam hanno una loro canzone con testo in latino e greco, in cui affermano di essere ex alunni Erasmi, \u1f18\u03c1\u03b1\u03c3\u03bc\u03bf\u1fe6 \u03bc\u03b1\u03b8\u03b7\u03c4\u03b1\u03af.<\/p>\n<\/div>\n<\/div>\n\n\n\n<p>Siete curiosi di scoprire cosa potrebbero significare le idee di Erasmo per l&#8217;Europa di questo secolo? Seguitemi nel mio viaggio in bicicletta sul sito web o iscrivetevi alla mia newsletter (in neerlandese).<\/p>\n","protected":false},"excerpt":{"rendered":"<p>Cinque secoli fa, Erasmo attraversava l&#8217;Europa a cavallo, prima come precettore dei giovani, poi come bussola morale dell&#8217;\u00e9lite europea: era il sostenitore della pace e della ragione, non solo a parole ma soprattutto nei fatti, aprendo la strada a un mondo pi\u00f9 giusto e a un popolo pi\u00f9 felice. \u00c8 quindi giusto che decine di&hellip; <\/p>\n<div class=\"readmore-wrapper\"><a href=\"https:\/\/erasmusxxi.eu\/index.php\/it\/erasmo-nel-21-secolo\/\" class=\"more-link\">Lees <\/a><\/div>\n","protected":false},"author":1,"featured_media":0,"parent":0,"menu_order":0,"comment_status":"closed","ping_status":"closed","template":"","meta":{"footnotes":""},"class_list":["post-1408","page","type-page","status-publish","hentry"],"_links":{"self":[{"href":"https:\/\/erasmusxxi.eu\/index.php\/wp-json\/wp\/v2\/pages\/1408","targetHints":{"allow":["GET"]}}],"collection":[{"href":"https:\/\/erasmusxxi.eu\/index.php\/wp-json\/wp\/v2\/pages"}],"about":[{"href":"https:\/\/erasmusxxi.eu\/index.php\/wp-json\/wp\/v2\/types\/page"}],"author":[{"embeddable":true,"href":"https:\/\/erasmusxxi.eu\/index.php\/wp-json\/wp\/v2\/users\/1"}],"replies":[{"embeddable":true,"href":"https:\/\/erasmusxxi.eu\/index.php\/wp-json\/wp\/v2\/comments?post=1408"}],"version-history":[{"count":2,"href":"https:\/\/erasmusxxi.eu\/index.php\/wp-json\/wp\/v2\/pages\/1408\/revisions"}],"predecessor-version":[{"id":1419,"href":"https:\/\/erasmusxxi.eu\/index.php\/wp-json\/wp\/v2\/pages\/1408\/revisions\/1419"}],"wp:attachment":[{"href":"https:\/\/erasmusxxi.eu\/index.php\/wp-json\/wp\/v2\/media?parent=1408"}],"curies":[{"name":"wp","href":"https:\/\/api.w.org\/{rel}","templated":true}]}}